{"id":738,"date":"2024-06-07T07:12:34","date_gmt":"2024-06-07T07:12:34","guid":{"rendered":"https:\/\/hypervigie.com\/terms-of-use\/"},"modified":"2024-06-24T14:12:40","modified_gmt":"2024-06-24T14:12:40","slug":"terms-of-use","status":"publish","type":"page","link":"https:\/\/hypervigie.com\/en\/terms-of-use\/","title":{"rendered":"Terms of use"},"content":{"rendered":"\t\t<div data-elementor-type=\"wp-page\" data-elementor-id=\"738\" class=\"elementor elementor-738 elementor-57\" data-elementor-post-type=\"page\">\n\t\t\t\t<div class=\"elementor-element elementor-element-8797aeb e-flex e-con-boxed e-con e-parent\" data-id=\"8797aeb\" data-element_type=\"container\" data-e-type=\"container\">\n\t\t\t\t\t<div class=\"e-con-inner\">\n\t\t\t\t<div class=\"elementor-element elementor-element-4f4b421 elementor-widget elementor-widget-heading\" data-id=\"4f4b421\" data-element_type=\"widget\" data-e-type=\"widget\" data-widget_type=\"heading.default\">\n\t\t\t\t<div class=\"elementor-widget-container\">\n\t\t\t\t\t<h2 class=\"elementor-heading-title elementor-size-default\">Terms of use<\/h2>\t\t\t\t<\/div>\n\t\t\t\t<\/div>\n\t\t\t\t<div class=\"elementor-element elementor-element-f6a8714 elementor-widget elementor-widget-text-editor\" data-id=\"f6a8714\" data-element_type=\"widget\" data-e-type=\"widget\" data-widget_type=\"text-editor.default\">\n\t\t\t\t<div class=\"elementor-widget-container\">\n\t\t\t\t\t\t\t\t\t<p><strong>Site Editor<\/strong><\/p>\n<p>Leon Protections SA<br \/>Place de la Gare 2 CH-1950 Sion<\/p>\n<p><strong>Contact<\/strong>: website contact form<\/p>\n<p><strong>Publishing Director<\/strong><\/p>\n<p>Mr Thierry Guichen<\/p>\n<p><strong>Host<\/strong><\/p>\n<p>Monarobase, SARL with a capital of 1500 euros &#8211; Siret : 500 518 543 00029<\/p>\n<p>3 Avenue Ren\u00e9 La\u00ebnnec<br \/>72000 Le Mans<\/p>\n<p>Tel. : 0033 (0)9 72 21 22 90<\/p>\n<p><strong>Website creation<\/strong><\/p>\n<p>Armada communication, SARL with capital of 10,000 euros<\/p>\n<p>2 bis Rue Haute 29000 Quimper<br \/><a href=\"https:\/\/armadacommunication.fr\">armadacommunication.fr<\/a><\/p>\n<p><strong>Intellectual property<\/strong><\/p>\n<p>All content on the hypervigie.com website, including but not limited to graphics, images, texts, videos, animations, sounds, logos, gifs and icons, as well as their layout, are the exclusive property of the company, with the exception of trademarks, logos or content belonging to other partner companies or authors.<\/p>\n<p>Any reproduction, distribution, modification, adaptation, retransmission or publication, even partial, of these various elements is strictly forbidden without the express written consent of France S\u00fbret\u00e9 S\u00e9curit\u00e9. This representation or reproduction, by any means whatsoever, constitutes an infringement punishable by articles L.335-2 et seq. of the French Intellectual Property Code. Failure to comply with this prohibition constitutes an infringement of copyright, for which the infringer may be held civilly and criminally liable. In addition, the owners of the copied content may take legal action against you.<\/p>\n\t\t\t\t\t\t\t\t<\/div>\n\t\t\t\t<\/div>\n\t\t\t\t\t<\/div>\n\t\t\t\t<\/div>\n\t\t\t\t<\/div>\n\t\t","protected":false},"excerpt":{"rendered":"<p>Terms of use Site Editor Leon Protections SAPlace de la Gare 2 CH-1950 Sion Contact: website contact form Publishing Director Mr Thierry Guichen Host Monarobase, SARL with a capital of 1500 euros &#8211; Siret : 500 518 543 00029 3 Avenue Ren\u00e9 La\u00ebnnec72000 Le Mans Tel. : 0033 (0)9 72 21 22 90 Website creation [&hellip;]<\/p>\n","protected":false},"author":1,"featured_media":0,"parent":0,"menu_order":0,"comment_status":"closed","ping_status":"closed","template":"","meta":{"_seopress_robots_primary_cat":"","_seopress_titles_title":"Legal Notice | Hypervigie","_seopress_titles_desc":"Consult the legal notice of the Hypervigie website. Information about the publisher, editor and host.","_seopress_robots_index":"","inline_featured_image":false,"footnotes":""},"class_list":["post-738","page","type-page","status-publish","hentry"],"_links":{"self":[{"href":"https:\/\/hypervigie.com\/en\/wp-json\/wp\/v2\/pages\/738","targetHints":{"allow":["GET"]}}],"collection":[{"href":"https:\/\/hypervigie.com\/en\/wp-json\/wp\/v2\/pages"}],"about":[{"href":"https:\/\/hypervigie.com\/en\/wp-json\/wp\/v2\/types\/page"}],"author":[{"embeddable":true,"href":"https:\/\/hypervigie.com\/en\/wp-json\/wp\/v2\/users\/1"}],"replies":[{"embeddable":true,"href":"https:\/\/hypervigie.com\/en\/wp-json\/wp\/v2\/comments?post=738"}],"version-history":[{"count":1,"href":"https:\/\/hypervigie.com\/en\/wp-json\/wp\/v2\/pages\/738\/revisions"}],"predecessor-version":[{"id":739,"href":"https:\/\/hypervigie.com\/en\/wp-json\/wp\/v2\/pages\/738\/revisions\/739"}],"wp:attachment":[{"href":"https:\/\/hypervigie.com\/en\/wp-json\/wp\/v2\/media?parent=738"}],"curies":[{"name":"wp","href":"https:\/\/api.w.org\/{rel}","templated":true}]}}