{"id":851,"date":"2024-06-07T07:12:34","date_gmt":"2024-06-07T07:12:34","guid":{"rendered":"https:\/\/hypervigie.com\/rechtliche-hinweise\/"},"modified":"2024-06-25T09:09:18","modified_gmt":"2024-06-25T09:09:18","slug":"rechtliche-hinweise","status":"publish","type":"page","link":"https:\/\/hypervigie.com\/de\/rechtliche-hinweise\/","title":{"rendered":"Rechtliche Hinweise"},"content":{"rendered":"\t\t<div data-elementor-type=\"wp-page\" data-elementor-id=\"851\" class=\"elementor elementor-851 elementor-57\" data-elementor-post-type=\"page\">\n\t\t\t\t<div class=\"elementor-element elementor-element-8797aeb e-flex e-con-boxed e-con e-parent\" data-id=\"8797aeb\" data-element_type=\"container\" data-e-type=\"container\">\n\t\t\t\t\t<div class=\"e-con-inner\">\n\t\t\t\t<div class=\"elementor-element elementor-element-4f4b421 elementor-widget elementor-widget-heading\" data-id=\"4f4b421\" data-element_type=\"widget\" data-e-type=\"widget\" data-widget_type=\"heading.default\">\n\t\t\t\t<div class=\"elementor-widget-container\">\n\t\t\t\t\t<h2 class=\"elementor-heading-title elementor-size-default\">Rechtliche Hinweise<\/h2>\t\t\t\t<\/div>\n\t\t\t\t<\/div>\n\t\t\t\t<div class=\"elementor-element elementor-element-f6a8714 elementor-widget elementor-widget-text-editor\" data-id=\"f6a8714\" data-element_type=\"widget\" data-e-type=\"widget\" data-widget_type=\"text-editor.default\">\n\t\t\t\t<div class=\"elementor-widget-container\">\n\t\t\t\t\t\t\t\t\t<p><strong>Herausgeber der Website<\/strong><\/p>\n<p>Leon Protections SA<br \/>Place de la Gare 2 CH-1950 Sion<\/p>\n<p><strong>Kontakt<\/strong>: Kontaktformular der Website<\/p>\n<p><strong>Direktor der Ver\u00f6ffentlichung<\/strong><\/p>\n<p>Herr Thierry Guichen<\/p>\n<p><strong>Host<\/strong><\/p>\n<p>Monarobase, SARL mit einem Kapital von 1500 Euro &#8211; Siret: 500 518 543 00029<\/p>\n<p>3 Avenue Ren\u00e9 La\u00ebnnec<br \/>72000 Le Mans<\/p>\n<p>Tel. : 0033 (0)9 72 21 22 90<\/p>\n<p><strong>Erstellung von Webseiten<\/strong><\/p>\n<p>Armada communication, SARL mit einem Kapital von 10.000 Euro<\/p>\n<p>2 bis Rue Haute 29000 Quimper<br \/><a href=\"https:\/\/armadacommunication.fr\"><a href=\"https:\/\/armadacommunication.fr\">armadacacommunication.de<\/a><\/a><\/p>\n<p><strong>Geistiges Eigentum<\/strong><\/p>\n<p>Der gesamte Inhalt der Website hypervigie.com, einschlie\u00dflich, aber nicht beschr\u00e4nkt auf, Grafiken, Bilder, Texte, Videos, Animationen, Sounds, Logos, Gifs und Icons sowie deren Formatierung sind das ausschlie\u00dfliche Eigentum des Unternehmens, mit Ausnahme von Marken, Logos oder Inhalten, die anderen Partnerunternehmen oder Autoren geh\u00f6ren.<\/p>\n<p>Jede Vervielf\u00e4ltigung, Verteilung, \u00c4nderung, Anpassung, Weiterleitung oder Ver\u00f6ffentlichung, auch teilweise, dieser verschiedenen Elemente ist ohne die ausdr\u00fcckliche schriftliche Genehmigung von France S\u00fbret\u00e9 S\u00e9curit\u00e9 strengstens verboten. Diese Darstellung oder Vervielf\u00e4ltigung, durch welches Verfahren auch immer, stellt eine F\u00e4lschung dar, die durch die Artikel L.335-2 ff. des Gesetzes \u00fcber geistiges Eigentum bestraft wird. Die Nichtbeachtung dieses Verbots stellt eine F\u00e4lschung dar, f\u00fcr die der F\u00e4lscher zivil- und strafrechtlich haftbar gemacht werden kann. Dar\u00fcber hinaus k\u00f6nnten die Eigent\u00fcmer der kopierten Inhalte rechtliche Schritte gegen Sie einleiten.<\/p>\n\t\t\t\t\t\t\t\t<\/div>\n\t\t\t\t<\/div>\n\t\t\t\t\t<\/div>\n\t\t\t\t<\/div>\n\t\t\t\t<\/div>\n\t\t","protected":false},"excerpt":{"rendered":"<p>Rechtliche Hinweise Herausgeber der Website Leon Protections SAPlace de la Gare 2 CH-1950 Sion Kontakt: Kontaktformular der Website Direktor der Ver\u00f6ffentlichung Herr Thierry Guichen Host Monarobase, SARL mit einem Kapital von 1500 Euro &#8211; Siret: 500 518 543 00029 3 Avenue Ren\u00e9 La\u00ebnnec72000 Le Mans Tel. : 0033 (0)9 72 21 22 90 Erstellung von [&hellip;]<\/p>\n","protected":false},"author":1,"featured_media":0,"parent":0,"menu_order":0,"comment_status":"closed","ping_status":"closed","template":"","meta":{"_seopress_robots_primary_cat":"","_seopress_titles_title":"Rechtliche Hinweise | Hypervigie","_seopress_titles_desc":"Lesen Sie die rechtlichen Hinweise der Hypervigie-Website. Informationen \u00fcber den Herausgeber, den Publikationsdirektor und den Hostinganbieter.","_seopress_robots_index":"","inline_featured_image":false,"footnotes":""},"class_list":["post-851","page","type-page","status-publish","hentry"],"_links":{"self":[{"href":"https:\/\/hypervigie.com\/de\/wp-json\/wp\/v2\/pages\/851","targetHints":{"allow":["GET"]}}],"collection":[{"href":"https:\/\/hypervigie.com\/de\/wp-json\/wp\/v2\/pages"}],"about":[{"href":"https:\/\/hypervigie.com\/de\/wp-json\/wp\/v2\/types\/page"}],"author":[{"embeddable":true,"href":"https:\/\/hypervigie.com\/de\/wp-json\/wp\/v2\/users\/1"}],"replies":[{"embeddable":true,"href":"https:\/\/hypervigie.com\/de\/wp-json\/wp\/v2\/comments?post=851"}],"version-history":[{"count":1,"href":"https:\/\/hypervigie.com\/de\/wp-json\/wp\/v2\/pages\/851\/revisions"}],"predecessor-version":[{"id":852,"href":"https:\/\/hypervigie.com\/de\/wp-json\/wp\/v2\/pages\/851\/revisions\/852"}],"wp:attachment":[{"href":"https:\/\/hypervigie.com\/de\/wp-json\/wp\/v2\/media?parent=851"}],"curies":[{"name":"wp","href":"https:\/\/api.w.org\/{rel}","templated":true}]}}