{"id":841,"date":"2024-06-24T13:29:21","date_gmt":"2024-06-24T13:29:21","guid":{"rendered":"https:\/\/hypervigie.com\/datenschutzrichtlinie\/"},"modified":"2024-06-25T09:06:36","modified_gmt":"2024-06-25T09:06:36","slug":"datenschutzrichtlinie","status":"publish","type":"page","link":"https:\/\/hypervigie.com\/de\/datenschutzrichtlinie\/","title":{"rendered":"Datenschutzrichtlinie"},"content":{"rendered":"\t\t<div data-elementor-type=\"wp-page\" data-elementor-id=\"841\" class=\"elementor elementor-841 elementor-714\" data-elementor-post-type=\"page\">\n\t\t\t\t\t\t<section class=\"elementor-section elementor-top-section elementor-element elementor-element-70b2180a elementor-section-boxed elementor-section-height-default elementor-section-height-default\" data-id=\"70b2180a\" data-element_type=\"section\" data-e-type=\"section\">\n\t\t\t\t\t\t<div class=\"elementor-container elementor-column-gap-default\">\n\t\t\t\t\t<div class=\"elementor-column elementor-col-100 elementor-top-column elementor-element elementor-element-c42c9a\" data-id=\"c42c9a\" data-element_type=\"column\" data-e-type=\"column\">\n\t\t\t<div class=\"elementor-widget-wrap elementor-element-populated\">\n\t\t\t\t\t\t<div class=\"elementor-element elementor-element-5b5b367 elementor-widget elementor-widget-heading\" data-id=\"5b5b367\" data-element_type=\"widget\" data-e-type=\"widget\" data-widget_type=\"heading.default\">\n\t\t\t\t<div class=\"elementor-widget-container\">\n\t\t\t\t\t<h2 class=\"elementor-heading-title elementor-size-default\">Datenschutzrichtlinie<\/h2>\t\t\t\t<\/div>\n\t\t\t\t<\/div>\n\t\t\t\t<div class=\"elementor-element elementor-element-2e25b3cb elementor-widget elementor-widget-text-editor\" data-id=\"2e25b3cb\" data-element_type=\"widget\" data-e-type=\"widget\" data-widget_type=\"text-editor.default\">\n\t\t\t\t<div class=\"elementor-widget-container\">\n\t\t\t\t\t\t\t\t\t<p>France S\u00fbret\u00e9 S\u00e9curit\u00e9 verpflichtet sich, die Verpflichtungen einzuhalten, die sich aus den oben genannten Vorschriften und insbesondere aus der Allgemeinen Datenschutzverordnung (DSGVO) ergeben.<\/p>\n<h4>Verwendung der gesammelten pers\u00f6nlichen Daten<\/h4>\n<p>Wir k\u00f6nnen personenbezogene Daten in den folgenden F\u00e4llen sammeln:<\/p>\n<h5><strong>Kontaktformulare<\/strong><\/h5>\n<p>Wenn Sie unser Kontaktformular verwenden, sind die Pflichtfelder&nbsp;: Ihr Name, Ihre E-Mail-Adresse, Ihre Telefonnummer.<\/p>\n<p>Diese Informationen erm\u00f6glichen es uns, so genau wie m\u00f6glich auf Ihre Anfrage zu antworten.<\/p>\n<p>Die erhaltenen Daten werden 3 Jahre lang aufbewahrt, beginnend mit&nbsp;der Beendigung des Vertragsverh\u00e4ltnisses.<\/p>\n<h5><strong>Cookies<\/strong><\/h5>\n<p>Ein Cookie ist eine Textdatei, die auf dem Ger\u00e4t des Internetnutzers erstellt wird, um Informationen \u00fcber die Navigation auf der Website zu speichern und das Ger\u00e4t wiederzuerkennen.<\/p>\n<p>Diese Website verwendet das Statistik-Tool Matomo, das so konfiguriert ist, dass&nbsp;nur&nbsp;f\u00fcr anonyme Statistiken verwendet wird.&nbsp;<\/p>\n<p>Sie k\u00f6nnen der Erhebung dieser Daten unten widersprechen:<\/p>\t\t\t\t\t\t\t\t<\/div>\n\t\t\t\t<\/div>\n\t\t\t\t<div class=\"elementor-element elementor-element-189f689e elementor-widget elementor-widget-shortcode\" data-id=\"189f689e\" data-element_type=\"widget\" data-e-type=\"widget\" data-widget_type=\"shortcode.default\">\n\t\t\t\t<div class=\"elementor-widget-container\">\n\t\t\t\t\t\t\t<div class=\"elementor-shortcode\"><p id=\"matomo_opted_out_intro\" style=\"display:none;\">Opt-out complete; your visits to this website will not be recorded by the Web Analytics tool. Note that if you clear your cookies, delete the opt-out cookie, or if you change computers or Web browsers, you will need to perform the opt-out procedure again.<\/p><p id=\"matomo_opted_in_intro\" >You may choose to prevent this website from aggregating and analyzing the actions you take here. Doing so will protect your privacy, but will also prevent the owner from learning from your actions and creating a better experience for you and other users.<\/p><form>\n        <input type=\"checkbox\" id=\"matomo_optout_checkbox\" checked=\"checked\"\/>\n        <label for=\"matomo_optout_checkbox\"><strong>\n        <span id=\"matomo_opted_in_label\" >You are not opted out. Uncheck this box to opt-out.<\/span>\n\t\t<span id=\"matomo_opted_out_label\" style=\"display:none;\">You are currently opted out. Check this box to opt-in.<\/span>\n        <\/strong><\/label><\/form><noscript><p><strong style=\"color: #ff0000;\">This opt out feature requires JavaScript.<\/strong><\/p><\/noscript><p id=\"matomo_outout_err_cookies\" style=\"display: none;\"><strong>The tracking opt-out feature requires cookies to be enabled.<\/strong><\/p><\/div>\n\t\t\t\t\t\t<\/div>\n\t\t\t\t<\/div>\n\t\t\t\t<div class=\"elementor-element elementor-element-334b5c32 elementor-widget elementor-widget-text-editor\" data-id=\"334b5c32\" data-element_type=\"widget\" data-e-type=\"widget\" data-widget_type=\"text-editor.default\">\n\t\t\t\t<div class=\"elementor-widget-container\">\n\t\t\t\t\t\t\t\t\t<p><\/p>\n<div>\n<p><span style=\"color: inherit; font-family: inherit; font-size: 1.75rem;\">Eingebettete Inhalte von anderen Websites<\/span><\/p>\n<article aria-label=\"Politique de confidentialit\u00e9\">\n<p>Die Artikel auf dieser Website k\u00f6nnen eingebettete Inhalte enthalten (z.B. Videos, Bilder, Artikel, Schaltfl\u00e4chen zum Teilen&#8230;). Inhalte, die von anderen Websites eingebunden werden, verhalten sich so, als ob der Besucher diese andere Website besuchen w\u00fcrde.<\/p>\n<p>Diese Webseiten k\u00f6nnen Daten \u00fcber Sie sammeln, Cookies verwenden, Tracking-Tools von Dritten einbetten und Ihre Interaktionen mit diesen eingebetteten Inhalten verfolgen, wenn Sie ein angemeldetes Konto auf ihrer Webseite haben.<\/p>\n<h4>Schutz Ihrer pers\u00f6nlichen Daten<\/h4>\n<p>Unsere Website und alle Formulare auf unserer Plattform sind durch eine TLS-Verbindung gesch\u00fctzt. Dies erm\u00f6glicht einen sicheren Austausch Ihrer Daten mit unserer Plattform.<\/p>\n<p>Wir f\u00fchren regelm\u00e4\u00dfige Updates unserer Plattform durch und wenden alle m\u00f6glichen Sicherheitsma\u00dfnahmen an, um die Vertraulichkeit Ihrer Daten zu gew\u00e4hrleisten.<\/p>\n<h4>Nutzung und \u00dcbermittlung Ihrer pers\u00f6nlichen Daten<\/h4>\n<p>Wir werden Ihre Daten weder weiterverkaufen noch f\u00fcr pers\u00f6nliche Zwecke (wie Datamining, Profiling oder Direktmarketing) verwenden.<\/p>\n<p>Unser Hosting-Anbieter ist mit der DSGVO konform. Sie k\u00f6nnen die Datenschutzpolitik der Gesellschaft unter&nbsp;<a href=\"https:\/\/monarobase.net\/politique-de-confidentialite\">diese Adresse<\/a>.<\/p>\n<h4>Dauer der Speicherung Ihrer Daten<\/h4>\n<p>Die \u00fcber unsere Kontaktformulare erhaltenen Daten werden 3 Jahre lang aufbewahrt, beginnend mit&nbsp;der Beendigung des Vertragsverh\u00e4ltnisses.<\/p>\n<p>Cookies f\u00fcr die Messung der Besucherzahlen werden 13 Monate lang gespeichert.<\/p>\n<h4>Die Rechte, die Sie \u00fcber Ihre Daten haben<\/h4>\n<p>Gem\u00e4\u00df den Vorschriften \u00fcber den Schutz personenbezogener Daten, insbesondere Artikel&nbsp;15 bis 22 der DSGVO, und nachdem Sie Ihre Identit\u00e4t nachgewiesen haben, k\u00f6nnen Sie eine Datei anfordern, die alle personenbezogenen Daten enth\u00e4lt, die wir \u00fcber Sie gespeichert haben, einschlie\u00dflich der Daten, die Sie uns zur Verf\u00fcgung gestellt haben. Sie k\u00f6nnen auch die L\u00f6schung Ihrer pers\u00f6nlichen Daten verlangen. Dies gilt nicht f\u00fcr Daten, die f\u00fcr administrative oder gesetzliche Zwecke oder aus Sicherheitsgr\u00fcnden gespeichert werden.<\/p>\n<p>Sie k\u00f6nnen France S\u00fbret\u00e9 S\u00e9curit\u00e9 kontaktieren, um Ihre Rechte \u00fcber das Kontaktformular oder an die folgende Postadresse auszu\u00fcben: 3 Impasse des Fontaines 29690 Huelgoat, indem Sie Ihrer Anfrage eine Kopie eines Identit\u00e4tsnachweises beif\u00fcgen.<\/p>\n<\/article>\n<\/div>\n<footer>\n<div>&nbsp;<\/div>\n<\/footer>\t\t\t\t\t\t\t\t<\/div>\n\t\t\t\t<\/div>\n\t\t\t\t\t<\/div>\n\t\t<\/div>\n\t\t\t\t\t<\/div>\n\t\t<\/section>\n\t\t\t\t<\/div>\n\t\t","protected":false},"excerpt":{"rendered":"<p>Datenschutzrichtlinie France S\u00fbret\u00e9 S\u00e9curit\u00e9 verpflichtet sich, die Verpflichtungen einzuhalten, die sich aus den oben genannten Vorschriften und insbesondere aus der Allgemeinen Datenschutzverordnung (DSGVO) ergeben. Verwendung der gesammelten pers\u00f6nlichen Daten Wir k\u00f6nnen personenbezogene Daten in den folgenden F\u00e4llen sammeln: Kontaktformulare Wenn Sie unser Kontaktformular verwenden, sind die Pflichtfelder&nbsp;: Ihr Name, Ihre E-Mail-Adresse, Ihre Telefonnummer. Diese Informationen [&hellip;]<\/p>\n","protected":false},"author":1,"featured_media":0,"parent":0,"menu_order":0,"comment_status":"closed","ping_status":"closed","template":"","meta":{"_seopress_robots_primary_cat":"","_seopress_titles_title":"Datenschutzerkl\u00e4rung | Hypervigie","_seopress_titles_desc":"Hypervigie verpflichtet sich, Ihre pers\u00f6nlichen Daten in \u00dcbereinstimmung mit der DSGVO zu sch\u00fctzen.","_seopress_robots_index":"","inline_featured_image":false,"footnotes":""},"class_list":["post-841","page","type-page","status-publish","hentry"],"_links":{"self":[{"href":"https:\/\/hypervigie.com\/de\/wp-json\/wp\/v2\/pages\/841","targetHints":{"allow":["GET"]}}],"collection":[{"href":"https:\/\/hypervigie.com\/de\/wp-json\/wp\/v2\/pages"}],"about":[{"href":"https:\/\/hypervigie.com\/de\/wp-json\/wp\/v2\/types\/page"}],"author":[{"embeddable":true,"href":"https:\/\/hypervigie.com\/de\/wp-json\/wp\/v2\/users\/1"}],"replies":[{"embeddable":true,"href":"https:\/\/hypervigie.com\/de\/wp-json\/wp\/v2\/comments?post=841"}],"version-history":[{"count":1,"href":"https:\/\/hypervigie.com\/de\/wp-json\/wp\/v2\/pages\/841\/revisions"}],"predecessor-version":[{"id":842,"href":"https:\/\/hypervigie.com\/de\/wp-json\/wp\/v2\/pages\/841\/revisions\/842"}],"wp:attachment":[{"href":"https:\/\/hypervigie.com\/de\/wp-json\/wp\/v2\/media?parent=841"}],"curies":[{"name":"wp","href":"https:\/\/api.w.org\/{rel}","templated":true}]}}