{"id":838,"date":"2024-06-07T07:12:34","date_gmt":"2024-06-07T07:12:34","guid":{"rendered":"https:\/\/hypervigie.com\/msb6-premium-xl\/"},"modified":"2024-07-02T07:43:18","modified_gmt":"2024-07-02T07:43:18","slug":"msb6-premium-xl","status":"publish","type":"page","link":"https:\/\/hypervigie.com\/de\/msb6-premium-xl\/","title":{"rendered":"MSB &#8211; Premium XL"},"content":{"rendered":"\t\t<div data-elementor-type=\"wp-page\" data-elementor-id=\"838\" class=\"elementor elementor-838 elementor-53\" data-elementor-post-type=\"page\">\n\t\t\t\t<div class=\"elementor-element elementor-element-ff6608f e-flex e-con-boxed e-con e-parent\" data-id=\"ff6608f\" data-element_type=\"container\" data-e-type=\"container\" data-settings=\"{&quot;background_background&quot;:&quot;classic&quot;}\">\n\t\t\t\t\t<div class=\"e-con-inner\">\n\t\t<div class=\"elementor-element elementor-element-574db1ff e-con-full e-flex e-con e-child\" data-id=\"574db1ff\" data-element_type=\"container\" data-e-type=\"container\">\n\t\t\t\t<div class=\"elementor-element elementor-element-6e9c7690 elementor-widget elementor-widget-heading\" data-id=\"6e9c7690\" data-element_type=\"widget\" data-e-type=\"widget\" data-widget_type=\"heading.default\">\n\t\t\t\t<div class=\"elementor-widget-container\">\n\t\t\t\t\t<h1 class=\"elementor-heading-title elementor-size-default\">MSB &#8211; Premium XL<\/h1>\t\t\t\t<\/div>\n\t\t\t\t<\/div>\n\t\t\t\t<div class=\"elementor-element elementor-element-3f6e8a62 elementor-widget elementor-widget-text-editor\" data-id=\"3f6e8a62\" data-element_type=\"widget\" data-e-type=\"widget\" data-widget_type=\"text-editor.default\">\n\t\t\t\t<div class=\"elementor-widget-container\">\n\t\t\t\t\t\t\t\t\t<div class=\"page\" title=\"Seite 12\">\n<div class=\"section\">\n<div class=\"layoutArea\">\n<div class=\"column\">\n<p>Der mobile Sicherheitsmast MSB-Premium XL hat die gleichen Eigenschaften wie der <a href=\"https:\/\/hypervigie.com\/msc6-premium\/\">MSB6-Premium<\/a> und wurde speziell f\u00fcr den Schutz von unbemannten Standorten, tempor\u00e4ren Einrichtungen und als Erg\u00e4nzung zur Bewachung vor Ort entwickelt.<\/p>\n<\/div>\n<\/div>\n<\/div>\n<\/div>\n\t\t\t\t\t\t\t\t<\/div>\n\t\t\t\t<\/div>\n\t\t\t\t<div class=\"elementor-element elementor-element-38bb9a08 elementor-icon-list--layout-traditional elementor-list-item-link-full_width elementor-widget elementor-widget-icon-list\" data-id=\"38bb9a08\" data-element_type=\"widget\" data-e-type=\"widget\" data-widget_type=\"icon-list.default\">\n\t\t\t\t<div class=\"elementor-widget-container\">\n\t\t\t\t\t\t\t<ul class=\"elementor-icon-list-items\">\n\t\t\t\t\t\t\t<li class=\"elementor-icon-list-item\">\n\t\t\t\t\t\t\t\t\t\t\t<span class=\"elementor-icon-list-icon\">\n\t\t\t\t\t\t\t<svg aria-hidden=\"true\" class=\"e-font-icon-svg e-fas-check\" viewBox=\"0 0 512 512\" xmlns=\"http:\/\/www.w3.org\/2000\/svg\"><path d=\"M173.898 439.404l-166.4-166.4c-9.997-9.997-9.997-26.206 0-36.204l36.203-36.204c9.997-9.998 26.207-9.998 36.204 0L192 312.69 432.095 72.596c9.997-9.997 26.207-9.997 36.204 0l36.203 36.204c9.997 9.997 9.997 26.206 0 36.204l-294.4 294.401c-9.998 9.997-26.207 9.997-36.204-.001z\"><\/path><\/svg>\t\t\t\t\t\t<\/span>\n\t\t\t\t\t\t\t\t\t\t<span class=\"elementor-icon-list-text\">Ideal f\u00fcr die Sicherung von Baustellen, Industrieanlagen, unbewohnten Immobilien, Infrastruktur, Wind- und Solarparks, Parkpl\u00e4tzen, Stadien, Veranstaltungsorten und \u00f6ffentlicher \u00dcberwachung.<\/span>\n\t\t\t\t\t\t\t\t\t<\/li>\n\t\t\t\t\t\t\t\t<li class=\"elementor-icon-list-item\">\n\t\t\t\t\t\t\t\t\t\t\t<span class=\"elementor-icon-list-icon\">\n\t\t\t\t\t\t\t<svg aria-hidden=\"true\" class=\"e-font-icon-svg e-fas-check\" viewBox=\"0 0 512 512\" xmlns=\"http:\/\/www.w3.org\/2000\/svg\"><path d=\"M173.898 439.404l-166.4-166.4c-9.997-9.997-9.997-26.206 0-36.204l36.203-36.204c9.997-9.998 26.207-9.998 36.204 0L192 312.69 432.095 72.596c9.997-9.997 26.207-9.997 36.204 0l36.203 36.204c9.997 9.997 9.997 26.206 0 36.204l-294.4 294.401c-9.998 9.997-26.207 9.997-36.204-.001z\"><\/path><\/svg>\t\t\t\t\t\t<\/span>\n\t\t\t\t\t\t\t\t\t\t<span class=\"elementor-icon-list-text\">Reduzierung der Kosten f\u00fcr die Bewachung um bis zu 60 %.<\/span>\n\t\t\t\t\t\t\t\t\t<\/li>\n\t\t\t\t\t\t\t\t<li class=\"elementor-icon-list-item\">\n\t\t\t\t\t\t\t\t\t\t\t<span class=\"elementor-icon-list-icon\">\n\t\t\t\t\t\t\t<svg aria-hidden=\"true\" class=\"e-font-icon-svg e-fas-check\" viewBox=\"0 0 512 512\" xmlns=\"http:\/\/www.w3.org\/2000\/svg\"><path d=\"M173.898 439.404l-166.4-166.4c-9.997-9.997-9.997-26.206 0-36.204l36.203-36.204c9.997-9.998 26.207-9.998 36.204 0L192 312.69 432.095 72.596c9.997-9.997 26.207-9.997 36.204 0l36.203 36.204c9.997 9.997 9.997 26.206 0 36.204l-294.4 294.401c-9.998 9.997-26.207 9.997-36.204-.001z\"><\/path><\/svg>\t\t\t\t\t\t<\/span>\n\t\t\t\t\t\t\t\t\t\t<span class=\"elementor-icon-list-text\">Schneller Einsatz und robuster Schutz von elektronischen Ger\u00e4ten.  <\/span>\n\t\t\t\t\t\t\t\t\t<\/li>\n\t\t\t\t\t\t<\/ul>\n\t\t\t\t\t\t<\/div>\n\t\t\t\t<\/div>\n\t\t<div class=\"elementor-element elementor-element-50d64d47 e-flex e-con-boxed e-con e-child\" data-id=\"50d64d47\" data-element_type=\"container\" data-e-type=\"container\">\n\t\t\t\t\t<div class=\"e-con-inner\">\n\t\t\t\t<div class=\"elementor-element elementor-element-76c2c1e2 elementor-widget__width-auto elementor-widget elementor-widget-button\" data-id=\"76c2c1e2\" data-element_type=\"widget\" data-e-type=\"widget\" data-widget_type=\"button.default\">\n\t\t\t\t<div class=\"elementor-widget-container\">\n\t\t\t\t\t\t\t\t\t<div class=\"elementor-button-wrapper\">\n\t\t\t\t\t<a class=\"elementor-button elementor-button-link elementor-size-sm\" href=\"https:\/\/hypervigie.com\/de\/kontakt\/\">\n\t\t\t\t\t\t<span class=\"elementor-button-content-wrapper\">\n\t\t\t\t\t\t\t\t\t<span class=\"elementor-button-text\">Kontaktieren Sie uns<\/span>\n\t\t\t\t\t<\/span>\n\t\t\t\t\t<\/a>\n\t\t\t\t<\/div>\n\t\t\t\t\t\t\t\t<\/div>\n\t\t\t\t<\/div>\n\t\t\t\t<div class=\"elementor-element elementor-element-3757bfed elementor-widget__width-auto elementor-widget elementor-widget-button\" data-id=\"3757bfed\" data-element_type=\"widget\" data-e-type=\"widget\" data-widget_type=\"button.default\">\n\t\t\t\t<div class=\"elementor-widget-container\">\n\t\t\t\t\t\t\t\t\t<div class=\"elementor-button-wrapper\">\n\t\t\t\t\t<a class=\"elementor-button elementor-button-link elementor-size-sm\" href=\"#plus\">\n\t\t\t\t\t\t<span class=\"elementor-button-content-wrapper\">\n\t\t\t\t\t\t<span class=\"elementor-button-icon\">\n\t\t\t\t<svg aria-hidden=\"true\" class=\"e-font-icon-svg e-fas-chevron-right\" viewBox=\"0 0 320 512\" xmlns=\"http:\/\/www.w3.org\/2000\/svg\"><path d=\"M285.476 272.971L91.132 467.314c-9.373 9.373-24.569 9.373-33.941 0l-22.667-22.667c-9.357-9.357-9.375-24.522-.04-33.901L188.505 256 34.484 101.255c-9.335-9.379-9.317-24.544.04-33.901l22.667-22.667c9.373-9.373 24.569-9.373 33.941 0L285.475 239.03c9.373 9.372 9.373 24.568.001 33.941z\"><\/path><\/svg>\t\t\t<\/span>\n\t\t\t\t\t\t\t\t\t<span class=\"elementor-button-text\">Mehr lesen<\/span>\n\t\t\t\t\t<\/span>\n\t\t\t\t\t<\/a>\n\t\t\t\t<\/div>\n\t\t\t\t\t\t\t\t<\/div>\n\t\t\t\t<\/div>\n\t\t\t\t\t<\/div>\n\t\t\t\t<\/div>\n\t\t\t\t<\/div>\n\t\t<div class=\"elementor-element elementor-element-727d3596 e-con-full e-flex e-con e-child\" data-id=\"727d3596\" data-element_type=\"container\" data-e-type=\"container\">\n\t\t\t\t<\/div>\n\t\t\t\t\t<\/div>\n\t\t\t\t<\/div>\n\t\t<div class=\"elementor-element elementor-element-5e5f6f7e e-flex e-con-boxed e-con e-parent\" data-id=\"5e5f6f7e\" data-element_type=\"container\" data-e-type=\"container\" id=\"plus\" data-settings=\"{&quot;background_background&quot;:&quot;classic&quot;}\">\n\t\t\t\t\t<div class=\"e-con-inner\">\n\t\t<div class=\"elementor-element elementor-element-14513d1a e-con-full e-flex e-con e-child\" data-id=\"14513d1a\" data-element_type=\"container\" data-e-type=\"container\">\n\t\t\t\t<div class=\"elementor-element elementor-element-30046d3d elementor-widget elementor-widget-heading\" data-id=\"30046d3d\" data-element_type=\"widget\" data-e-type=\"widget\" data-widget_type=\"heading.default\">\n\t\t\t\t<div class=\"elementor-widget-container\">\n\t\t\t\t\t<h2 class=\"elementor-heading-title elementor-size-default\">Merkmale<\/h2>\t\t\t\t<\/div>\n\t\t\t\t<\/div>\n\t\t\t\t<div class=\"elementor-element elementor-element-71791215 elementor-widget elementor-widget-heading\" data-id=\"71791215\" data-element_type=\"widget\" data-e-type=\"widget\" data-widget_type=\"heading.default\">\n\t\t\t\t<div class=\"elementor-widget-container\">\n\t\t\t\t\t<h5 class=\"elementor-heading-title elementor-size-default\">Die Gesamth\u00f6he des Mastes betr\u00e4gt 9 m, was einer H\u00f6he von 1,5 m entspricht.\nbedeutet eine Zunahme von drei Metern pro Jahr.\nim Vergleich zu den MSB6-Modellen. Diese Erh\u00f6hung\nverbessert den Blickwinkel von CCTV-Kameras, was die\ndie Gesamteffektivit\u00e4t der \u00dcberwachung erh\u00f6ht.<\/h5>\t\t\t\t<\/div>\n\t\t\t\t<\/div>\n\t\t\t\t<div class=\"elementor-element elementor-element-5658a2f elementor-widget elementor-widget-image\" data-id=\"5658a2f\" data-element_type=\"widget\" data-e-type=\"widget\" data-widget_type=\"image.default\">\n\t\t\t\t<div class=\"elementor-widget-container\">\n\t\t\t\t\t\t\t\t\t\t\t\t\t\t\t\t<a href=\"https:\/\/hypervigie.com\/wp-content\/uploads\/2024\/06\/premium-XL-tech.png\" data-elementor-open-lightbox=\"yes\" data-elementor-lightbox-title=\"premium-XL-tech\" data-e-action-hash=\"#elementor-action%3Aaction%3Dlightbox%26settings%3DeyJpZCI6ODI3LCJ1cmwiOiJodHRwczpcL1wvaHlwZXJ2aWdpZS5jb21cL3dwLWNvbnRlbnRcL3VwbG9hZHNcLzIwMjRcLzA2XC9wcmVtaXVtLVhMLXRlY2gucG5nIn0%3D\">\n\t\t\t\t\t\t\t<img fetchpriority=\"high\" decoding=\"async\" width=\"800\" height=\"566\" src=\"https:\/\/hypervigie.com\/wp-content\/uploads\/2024\/06\/premium-XL-tech-1024x724.png\" class=\"attachment-large size-large wp-image-827\" alt=\"\" srcset=\"https:\/\/hypervigie.com\/wp-content\/uploads\/2024\/06\/premium-XL-tech-1024x724.png 1024w, https:\/\/hypervigie.com\/wp-content\/uploads\/2024\/06\/premium-XL-tech-300x212.png 300w, https:\/\/hypervigie.com\/wp-content\/uploads\/2024\/06\/premium-XL-tech-768x543.png 768w, https:\/\/hypervigie.com\/wp-content\/uploads\/2024\/06\/premium-XL-tech-1536x1086.png 1536w, https:\/\/hypervigie.com\/wp-content\/uploads\/2024\/06\/premium-XL-tech.png 1684w\" sizes=\"(max-width: 800px) 100vw, 800px\" \/>\t\t\t\t\t\t\t\t<\/a>\n\t\t\t\t\t\t\t\t\t\t\t\t\t\t\t<\/div>\n\t\t\t\t<\/div>\n\t\t\t\t<div class=\"elementor-element elementor-element-9450165 elementor-widget elementor-widget-image\" data-id=\"9450165\" data-element_type=\"widget\" data-e-type=\"widget\" data-widget_type=\"image.default\">\n\t\t\t\t<div class=\"elementor-widget-container\">\n\t\t\t\t\t\t\t\t\t\t\t\t\t\t\t<img decoding=\"async\" width=\"366\" height=\"102\" src=\"https:\/\/hypervigie.com\/wp-content\/uploads\/2024\/06\/certifications-2.png\" class=\"attachment-large size-large wp-image-836\" alt=\"\" srcset=\"https:\/\/hypervigie.com\/wp-content\/uploads\/2024\/06\/certifications-2.png 366w, https:\/\/hypervigie.com\/wp-content\/uploads\/2024\/06\/certifications-2-300x84.png 300w\" sizes=\"(max-width: 366px) 100vw, 366px\" \/>\t\t\t\t\t\t\t\t\t\t\t\t\t\t\t<\/div>\n\t\t\t\t<\/div>\n\t\t\t\t<\/div>\n\t\t<div class=\"elementor-element elementor-element-2a561602 e-con-full e-flex e-con e-child\" data-id=\"2a561602\" data-element_type=\"container\" data-e-type=\"container\">\n\t\t\t\t<div class=\"elementor-element elementor-element-7d19bf0c elementor-widget elementor-widget-toggle\" data-id=\"7d19bf0c\" data-element_type=\"widget\" data-e-type=\"widget\" data-widget_type=\"toggle.default\">\n\t\t\t\t<div class=\"elementor-widget-container\">\n\t\t\t\t\t\t\t<div class=\"elementor-toggle\">\n\t\t\t\t\t\t\t<div class=\"elementor-toggle-item\">\n\t\t\t\t\t<div id=\"elementor-tab-title-2091\" class=\"elementor-tab-title\" data-tab=\"1\" role=\"button\" aria-controls=\"elementor-tab-content-2091\" aria-expanded=\"false\">\n\t\t\t\t\t\t\t\t\t\t\t\t<span class=\"elementor-toggle-icon elementor-toggle-icon-right\" aria-hidden=\"true\">\n\t\t\t\t\t\t\t\t\t\t\t\t\t\t\t<span class=\"elementor-toggle-icon-closed\"><svg class=\"e-font-icon-svg e-fas-plus\" viewBox=\"0 0 448 512\" xmlns=\"http:\/\/www.w3.org\/2000\/svg\"><path d=\"M416 208H272V64c0-17.67-14.33-32-32-32h-32c-17.67 0-32 14.33-32 32v144H32c-17.67 0-32 14.33-32 32v32c0 17.67 14.33 32 32 32h144v144c0 17.67 14.33 32 32 32h32c17.67 0 32-14.33 32-32V304h144c17.67 0 32-14.33 32-32v-32c0-17.67-14.33-32-32-32z\"><\/path><\/svg><\/span>\n\t\t\t\t\t\t\t\t<span class=\"elementor-toggle-icon-opened\"><svg class=\"elementor-toggle-icon-opened e-font-icon-svg e-fas-minus\" viewBox=\"0 0 448 512\" xmlns=\"http:\/\/www.w3.org\/2000\/svg\"><path d=\"M416 208H32c-17.67 0-32 14.33-32 32v32c0 17.67 14.33 32 32 32h384c17.67 0 32-14.33 32-32v-32c0-17.67-14.33-32-32-32z\"><\/path><\/svg><\/span>\n\t\t\t\t\t\t\t\t\t\t\t\t\t<\/span>\n\t\t\t\t\t\t\t\t\t\t\t\t<a class=\"elementor-toggle-title\" tabindex=\"0\">Funktionen von MSB Premium XL<\/a>\n\t\t\t\t\t<\/div>\n\n\t\t\t\t\t<div id=\"elementor-tab-content-2091\" class=\"elementor-tab-content elementor-clearfix\" data-tab=\"1\" role=\"region\" aria-labelledby=\"elementor-tab-title-2091\"><ul>\n<li>Mobile Einheit, die leicht zum Standort zu transportieren ist<\/li>\n<li>Einfach zu lagern<\/li>\n<li>Sehr starker Bodenrahmen<\/li>\n<li>Einfache Installation durch einen einzigen Ingenieur<\/li>\n<li>Robuste Gabelstaplerschlitze f\u00fcr einen einfachen Transport<\/li>\n<li>Hebe\u00f6sen, um Transport und Einsatz zu erleichtern<\/li>\n<li>Stabiler Teleskopmast mit automatischer Sicherheitsabschaltung<\/li>\n<li>Mast mit vier Speichen f\u00fcr CCTV-Kameras oder Scheinwerfer<\/li>\n<li>Wasserwaage f\u00fcr eine einfache Installation<\/li>\n<li>Zwei verschlie\u00dfbare T\u00fcren zur Sicherung der Ausr\u00fcstung<\/li>\n<li>Vorbereitet f\u00fcr ein zus\u00e4tzliches Sicherheitsschloss<\/li>\n<li>Vollst\u00e4ndig geschlossen mit 2 verschlie\u00dfbaren oberen Deckeln<\/li>\n<li>Schutz vor Dachkletterei<\/li>\n<li>Vorbereitete Patchbox<\/li>\n<li>4 stabilisierende Kabel, die Vibrationen und Fehlalarme reduzieren.<\/li>\n<li>Stabilisiert durch 4 Stabilisatoren bis zu einer Windgeschwindigkeit von 85Km\/h.<\/li>\n<li>Manuelle Winde mit CE-Zulassung 850 kg<\/li>\n<li>Die Vorderseiten k\u00f6nnen mit einem Logo oder einer Botschaft versehen werden.<\/li>\n<li>Doppelte Verkabelung im Mast<\/li>\n<li>(sicherer f\u00fcr Personen und Einrichtungen)<\/li>\n<li>Ausreichend Platz f\u00fcr Batterien oder Akkus<\/li>\n<li>Brennstoff<\/li>\n<li>Hubmast RVS316 Kabel aus rostfreiem Stahl<\/li>\n<li>Hydraulisch betriebene Kabelbinder<\/li>\n<li>Handbuch enthalten<\/li>\n<li>Warnetiketten<\/li>\n<li>Nylonr\u00e4der mit Lagern<\/li>\n<\/ul>\n<\/div>\n\t\t\t\t<\/div>\n\t\t\t\t\t\t\t<div class=\"elementor-toggle-item\">\n\t\t\t\t\t<div id=\"elementor-tab-title-2092\" class=\"elementor-tab-title\" data-tab=\"2\" role=\"button\" aria-controls=\"elementor-tab-content-2092\" aria-expanded=\"false\">\n\t\t\t\t\t\t\t\t\t\t\t\t<span class=\"elementor-toggle-icon elementor-toggle-icon-right\" aria-hidden=\"true\">\n\t\t\t\t\t\t\t\t\t\t\t\t\t\t\t<span class=\"elementor-toggle-icon-closed\"><svg class=\"e-font-icon-svg e-fas-plus\" viewBox=\"0 0 448 512\" xmlns=\"http:\/\/www.w3.org\/2000\/svg\"><path d=\"M416 208H272V64c0-17.67-14.33-32-32-32h-32c-17.67 0-32 14.33-32 32v144H32c-17.67 0-32 14.33-32 32v32c0 17.67 14.33 32 32 32h144v144c0 17.67 14.33 32 32 32h32c17.67 0 32-14.33 32-32V304h144c17.67 0 32-14.33 32-32v-32c0-17.67-14.33-32-32-32z\"><\/path><\/svg><\/span>\n\t\t\t\t\t\t\t\t<span class=\"elementor-toggle-icon-opened\"><svg class=\"elementor-toggle-icon-opened e-font-icon-svg e-fas-minus\" viewBox=\"0 0 448 512\" xmlns=\"http:\/\/www.w3.org\/2000\/svg\"><path d=\"M416 208H32c-17.67 0-32 14.33-32 32v32c0 17.67 14.33 32 32 32h384c17.67 0 32-14.33 32-32v-32c0-17.67-14.33-32-32-32z\"><\/path><\/svg><\/span>\n\t\t\t\t\t\t\t\t\t\t\t\t\t<\/span>\n\t\t\t\t\t\t\t\t\t\t\t\t<a class=\"elementor-toggle-title\" tabindex=\"0\">Technische Merkmale<\/a>\n\t\t\t\t\t<\/div>\n\n\t\t\t\t\t<div id=\"elementor-tab-content-2092\" class=\"elementor-tab-content elementor-clearfix\" data-tab=\"2\" role=\"region\" aria-labelledby=\"elementor-tab-title-2092\"><p>Gr\u00f6\u00dfe LxBxH in cm: 114x114x250<\/p>\n<p>Gewicht in kg: 502<\/p>\n<p>Gesamth\u00f6he mit ausgefahrenem Mast in cm: 900<\/p>\n<p>Maximales Gewicht der Mastspitze in kg: 60<\/p>\n<p>Zertifizierungen: CE-ZERTIFIZIERT und ISO9001 \/ T\u00dcV<\/p>\n<p>Struktur aus verzinktem Stahl<\/p>\n<p>Mast aus verzinktem Stahl<\/p>\n<p>Premium 5-teiliger Teleskopmast: 120\/100\/80\/60\/40mm<\/p>\n<\/div>\n\t\t\t\t<\/div>\n\t\t\t\t\t\t\t\t<\/div>\n\t\t\t\t\t\t<\/div>\n\t\t\t\t<\/div>\n\t\t\t\t<div class=\"elementor-element elementor-element-4030e285 elementor-widget elementor-widget-image\" data-id=\"4030e285\" data-element_type=\"widget\" data-e-type=\"widget\" data-widget_type=\"image.default\">\n\t\t\t\t<div class=\"elementor-widget-container\">\n\t\t\t\t\t\t\t\t\t\t\t\t<figure class=\"wp-caption\">\n\t\t\t\t\t\t\t\t\t\t<img decoding=\"async\" width=\"800\" height=\"600\" src=\"https:\/\/hypervigie.com\/wp-content\/uploads\/2024\/06\/route.webp\" class=\"attachment-large size-large wp-image-816\" alt=\"\" srcset=\"https:\/\/hypervigie.com\/wp-content\/uploads\/2024\/06\/route.webp 800w, https:\/\/hypervigie.com\/wp-content\/uploads\/2024\/06\/route-300x225.webp 300w, https:\/\/hypervigie.com\/wp-content\/uploads\/2024\/06\/route-768x576.webp 768w\" sizes=\"(max-width: 800px) 100vw, 800px\" \/>\t\t\t\t\t\t\t\t\t\t\t<figcaption class=\"widget-image-caption wp-caption-text\">Die in der Abbildung gezeigte Ausstattung dient nur zu Referenzzwecken und ist nicht im Lieferumfang enthalten.<\/figcaption>\n\t\t\t\t\t\t\t\t\t\t<\/figure>\n\t\t\t\t\t\t\t\t\t<\/div>\n\t\t\t\t<\/div>\n\t\t\t\t<\/div>\n\t\t\t\t\t<\/div>\n\t\t\t\t<\/div>\n\t\t<div class=\"elementor-element elementor-element-1113d014 e-flex e-con-boxed e-con e-parent\" data-id=\"1113d014\" data-element_type=\"container\" data-e-type=\"container\" data-settings=\"{&quot;background_background&quot;:&quot;classic&quot;}\">\n\t\t\t\t\t<div class=\"e-con-inner\">\n\t\t\t\t<div class=\"elementor-element elementor-element-21042a2 elementor-widget elementor-widget-heading\" data-id=\"21042a2\" data-element_type=\"widget\" data-e-type=\"widget\" data-widget_type=\"heading.default\">\n\t\t\t\t<div class=\"elementor-widget-container\">\n\t\t\t\t\t<h2 class=\"elementor-heading-title elementor-size-default\">Wir statten Ihren Mast mit einer ma\u00dfgeschneiderten Komplettl\u00f6sung aus.<\/h2>\t\t\t\t<\/div>\n\t\t\t\t<\/div>\n\t\t<div class=\"elementor-element elementor-element-1e562947 e-grid e-con-boxed e-con e-child\" data-id=\"1e562947\" data-element_type=\"container\" data-e-type=\"container\">\n\t\t\t\t\t<div class=\"e-con-inner\">\n\t\t\t\t<div class=\"elementor-element elementor-element-4bdc4dd2 elementor-position-top elementor-widget elementor-widget-image-box\" data-id=\"4bdc4dd2\" data-element_type=\"widget\" data-e-type=\"widget\" data-widget_type=\"image-box.default\">\n\t\t\t\t<div class=\"elementor-widget-container\">\n\t\t\t\t\t<div class=\"elementor-image-box-wrapper\"><figure class=\"elementor-image-box-img\"><img loading=\"lazy\" decoding=\"async\" width=\"100\" height=\"100\" src=\"https:\/\/hypervigie.com\/wp-content\/uploads\/2024\/06\/camera.svg\" class=\"attachment-full size-full wp-image-150\" alt=\"\" \/><\/figure><div class=\"elementor-image-box-content\"><h3 class=\"elementor-image-box-title\">Kameras<\/h3><\/div><\/div>\t\t\t\t<\/div>\n\t\t\t\t<\/div>\n\t\t\t\t<div class=\"elementor-element elementor-element-2115bf51 elementor-position-top elementor-widget elementor-widget-image-box\" data-id=\"2115bf51\" data-element_type=\"widget\" data-e-type=\"widget\" data-widget_type=\"image-box.default\">\n\t\t\t\t<div class=\"elementor-widget-container\">\n\t\t\t\t\t<div class=\"elementor-image-box-wrapper\"><figure class=\"elementor-image-box-img\"><img loading=\"lazy\" decoding=\"async\" width=\"100\" height=\"100\" src=\"https:\/\/hypervigie.com\/wp-content\/uploads\/2024\/06\/son.svg\" class=\"attachment-full size-full wp-image-146\" alt=\"\" \/><\/figure><div class=\"elementor-image-box-content\"><h3 class=\"elementor-image-box-title\">Redner<\/h3><\/div><\/div>\t\t\t\t<\/div>\n\t\t\t\t<\/div>\n\t\t\t\t<div class=\"elementor-element elementor-element-61ef048e elementor-position-top elementor-widget elementor-widget-image-box\" data-id=\"61ef048e\" data-element_type=\"widget\" data-e-type=\"widget\" data-widget_type=\"image-box.default\">\n\t\t\t\t<div class=\"elementor-widget-container\">\n\t\t\t\t\t<div class=\"elementor-image-box-wrapper\"><figure class=\"elementor-image-box-img\"><img loading=\"lazy\" decoding=\"async\" width=\"100\" height=\"100\" src=\"https:\/\/hypervigie.com\/wp-content\/uploads\/2024\/06\/pir.svg\" class=\"attachment-full size-full wp-image-156\" alt=\"\" \/><\/figure><div class=\"elementor-image-box-content\"><h3 class=\"elementor-image-box-title\">Mehrere Sensoren<\/h3><\/div><\/div>\t\t\t\t<\/div>\n\t\t\t\t<\/div>\n\t\t\t\t<div class=\"elementor-element elementor-element-31ba2f74 elementor-position-top elementor-widget elementor-widget-image-box\" data-id=\"31ba2f74\" data-element_type=\"widget\" data-e-type=\"widget\" data-widget_type=\"image-box.default\">\n\t\t\t\t<div class=\"elementor-widget-container\">\n\t\t\t\t\t<div class=\"elementor-image-box-wrapper\"><figure class=\"elementor-image-box-img\"><img loading=\"lazy\" decoding=\"async\" width=\"100\" height=\"100\" src=\"https:\/\/hypervigie.com\/wp-content\/uploads\/2024\/06\/transmission.svg\" class=\"attachment-full size-full wp-image-154\" alt=\"\" \/><\/figure><div class=\"elementor-image-box-content\"><h3 class=\"elementor-image-box-title\">3\/4\/5G-Satelliten-LoRaWAN<\/h3><\/div><\/div>\t\t\t\t<\/div>\n\t\t\t\t<\/div>\n\t\t\t\t<div class=\"elementor-element elementor-element-65155132 elementor-position-top elementor-widget elementor-widget-image-box\" data-id=\"65155132\" data-element_type=\"widget\" data-e-type=\"widget\" data-widget_type=\"image-box.default\">\n\t\t\t\t<div class=\"elementor-widget-container\">\n\t\t\t\t\t<div class=\"elementor-image-box-wrapper\"><figure class=\"elementor-image-box-img\"><img loading=\"lazy\" decoding=\"async\" width=\"100\" height=\"100\" src=\"https:\/\/hypervigie.com\/wp-content\/uploads\/2024\/06\/eclairage.svg\" class=\"attachment-full size-full wp-image-148\" alt=\"\" \/><\/figure><div class=\"elementor-image-box-content\"><h3 class=\"elementor-image-box-title\">Beleuchtung<\/h3><\/div><\/div>\t\t\t\t<\/div>\n\t\t\t\t<\/div>\n\t\t\t\t<div class=\"elementor-element elementor-element-71e0bcab elementor-position-top elementor-widget elementor-widget-image-box\" data-id=\"71e0bcab\" data-element_type=\"widget\" data-e-type=\"widget\" data-widget_type=\"image-box.default\">\n\t\t\t\t<div class=\"elementor-widget-container\">\n\t\t\t\t\t<div class=\"elementor-image-box-wrapper\"><figure class=\"elementor-image-box-img\"><img loading=\"lazy\" decoding=\"async\" width=\"100\" height=\"100\" src=\"https:\/\/hypervigie.com\/wp-content\/uploads\/2024\/06\/solaire.svg\" class=\"attachment-full size-full wp-image-152\" alt=\"\" \/><\/figure><div class=\"elementor-image-box-content\"><h3 class=\"elementor-image-box-title\">Selbstversorger<\/h3><\/div><\/div>\t\t\t\t<\/div>\n\t\t\t\t<\/div>\n\t\t\t\t\t<\/div>\n\t\t\t\t<\/div>\n\t\t\t\t\t<\/div>\n\t\t\t\t<\/div>\n\t\t<div class=\"elementor-element elementor-element-f064d53 e-flex e-con-boxed e-con e-parent\" data-id=\"f064d53\" data-element_type=\"container\" data-e-type=\"container\" data-settings=\"{&quot;background_background&quot;:&quot;classic&quot;}\">\n\t\t\t\t\t<div class=\"e-con-inner\">\n\t\t\t\t<div class=\"elementor-element elementor-element-762e742 elementor-widget elementor-widget-heading\" data-id=\"762e742\" data-element_type=\"widget\" data-e-type=\"widget\" data-widget_type=\"heading.default\">\n\t\t\t\t<div class=\"elementor-widget-container\">\n\t\t\t\t\t<h2 class=\"elementor-heading-title elementor-size-default\">Weitere Informationen anfordern<\/h2>\t\t\t\t<\/div>\n\t\t\t\t<\/div>\n\t\t\t\t<div class=\"elementor-element elementor-element-c5d92e8 elementor-widget__width-auto elementor-widget elementor-widget-button\" data-id=\"c5d92e8\" data-element_type=\"widget\" data-e-type=\"widget\" data-widget_type=\"button.default\">\n\t\t\t\t<div class=\"elementor-widget-container\">\n\t\t\t\t\t\t\t\t\t<div class=\"elementor-button-wrapper\">\n\t\t\t\t\t<a class=\"elementor-button elementor-button-link elementor-size-sm\" href=\"https:\/\/hypervigie.com\/de\/kontakt\/\">\n\t\t\t\t\t\t<span class=\"elementor-button-content-wrapper\">\n\t\t\t\t\t\t\t\t\t<span class=\"elementor-button-text\">Kontaktieren Sie uns<\/span>\n\t\t\t\t\t<\/span>\n\t\t\t\t\t<\/a>\n\t\t\t\t<\/div>\n\t\t\t\t\t\t\t\t<\/div>\n\t\t\t\t<\/div>\n\t\t\t\t\t<\/div>\n\t\t\t\t<\/div>\n\t\t\t\t<\/div>\n\t\t","protected":false},"excerpt":{"rendered":"<p>Der mobile Sicherheitsmast MSB-Premium XL hat die gleichen Eigenschaften wie der MSB6-Premium und wurde speziell f\u00fcr den Schutz von unbemannten Standorten, tempor\u00e4ren Einrichtungen und als Erg\u00e4nzung zur Bewachung vor Ort entwickelt. Ideal f\u00fcr die Sicherung von Baustellen, Industrieanlagen, unbewohnten Immobilien, Infrastruktur, Wind- und Solarparks, Parkpl\u00e4tzen, Stadien, Veranstaltungsorten und \u00f6ffentlicher \u00dcberwachung. Reduzierung der Kosten f\u00fcr die [&hellip;]<\/p>\n","protected":false},"author":1,"featured_media":0,"parent":0,"menu_order":0,"comment_status":"closed","ping_status":"closed","template":"","meta":{"_seopress_robots_primary_cat":"","_seopress_titles_title":"MSB - Premium XL - Mast f\u00fcr mobile Sicherheit | Hypervigie","_seopress_titles_desc":"Entdecken Sie den Hypervigie MSB-Premium XL Mobilen Sicherheitsmast, ideal f\u00fcr die Absicherung von Baustellen, Industrieanlagen und mehr. Reduzierte Kosten f\u00fcr die Bewachung, schneller Einsatz und robuster Schutz der elektronischen Ger\u00e4te. Kontaktieren Sie uns, um mehr zu erfahren!","_seopress_robots_index":"","inline_featured_image":false,"footnotes":""},"class_list":["post-838","page","type-page","status-publish","hentry"],"_links":{"self":[{"href":"https:\/\/hypervigie.com\/de\/wp-json\/wp\/v2\/pages\/838","targetHints":{"allow":["GET"]}}],"collection":[{"href":"https:\/\/hypervigie.com\/de\/wp-json\/wp\/v2\/pages"}],"about":[{"href":"https:\/\/hypervigie.com\/de\/wp-json\/wp\/v2\/types\/page"}],"author":[{"embeddable":true,"href":"https:\/\/hypervigie.com\/de\/wp-json\/wp\/v2\/users\/1"}],"replies":[{"embeddable":true,"href":"https:\/\/hypervigie.com\/de\/wp-json\/wp\/v2\/comments?post=838"}],"version-history":[{"count":5,"href":"https:\/\/hypervigie.com\/de\/wp-json\/wp\/v2\/pages\/838\/revisions"}],"predecessor-version":[{"id":1030,"href":"https:\/\/hypervigie.com\/de\/wp-json\/wp\/v2\/pages\/838\/revisions\/1030"}],"wp:attachment":[{"href":"https:\/\/hypervigie.com\/de\/wp-json\/wp\/v2\/media?parent=838"}],"curies":[{"name":"wp","href":"https:\/\/api.w.org\/{rel}","templated":true}]}}