{"id":795,"date":"2024-06-13T14:46:03","date_gmt":"2024-06-13T14:46:03","guid":{"rendered":"https:\/\/hypervigie.com\/msb-kompakt\/"},"modified":"2024-07-02T07:40:50","modified_gmt":"2024-07-02T07:40:50","slug":"msb-kompakt","status":"publish","type":"page","link":"https:\/\/hypervigie.com\/de\/msb-kompakt\/","title":{"rendered":"MSB &#8211; Kompakt"},"content":{"rendered":"\t\t<div data-elementor-type=\"wp-page\" data-elementor-id=\"795\" class=\"elementor elementor-795 elementor-260\" data-elementor-post-type=\"page\">\n\t\t\t\t<div class=\"elementor-element elementor-element-28527bf8 e-flex e-con-boxed e-con e-parent\" data-id=\"28527bf8\" data-element_type=\"container\" data-e-type=\"container\" data-settings=\"{&quot;background_background&quot;:&quot;classic&quot;}\">\n\t\t\t\t\t<div class=\"e-con-inner\">\n\t\t<div class=\"elementor-element elementor-element-1e21777a e-con-full e-flex e-con e-child\" data-id=\"1e21777a\" data-element_type=\"container\" data-e-type=\"container\">\n\t\t\t\t<div class=\"elementor-element elementor-element-a631248 elementor-widget elementor-widget-heading\" data-id=\"a631248\" data-element_type=\"widget\" data-e-type=\"widget\" data-widget_type=\"heading.default\">\n\t\t\t\t<div class=\"elementor-widget-container\">\n\t\t\t\t\t<h1 class=\"elementor-heading-title elementor-size-default\">MSB &#8211; Kompakt<\/h1>\t\t\t\t<\/div>\n\t\t\t\t<\/div>\n\t\t\t\t<div class=\"elementor-element elementor-element-61a28a2a elementor-widget elementor-widget-text-editor\" data-id=\"61a28a2a\" data-element_type=\"widget\" data-e-type=\"widget\" data-widget_type=\"text-editor.default\">\n\t\t\t\t<div class=\"elementor-widget-container\">\n\t\t\t\t\t\t\t\t\t<p>Der MSB-Compact ist ein mobiler Sicherheitsschrank, der kleiner als seine gr\u00f6\u00dferen Geschwister ist.<\/p>\n<p>Er bietet jedoch die meisten der gleichen Eigenschaften, insbesondere eine schnellere Entfaltung und eine kompakte Gr\u00f6\u00dfe, die ihn f\u00fcr den Einsatz in Innenr\u00e4umen geeignet macht. Dar\u00fcber hinaus eignet sich MSB-Compact besonders f\u00fcr Orte mit begrenztem Platzangebot, wie z.B. in stark frequentierten Stadtgebieten oder entlang von Bahnstrecken.<\/p>\n\t\t\t\t\t\t\t\t<\/div>\n\t\t\t\t<\/div>\n\t\t<div class=\"elementor-element elementor-element-5af9dbcf e-flex e-con-boxed e-con e-child\" data-id=\"5af9dbcf\" data-element_type=\"container\" data-e-type=\"container\">\n\t\t\t\t\t<div class=\"e-con-inner\">\n\t\t\t\t<div class=\"elementor-element elementor-element-33c7fe0e elementor-widget__width-auto elementor-widget elementor-widget-button\" data-id=\"33c7fe0e\" data-element_type=\"widget\" data-e-type=\"widget\" data-widget_type=\"button.default\">\n\t\t\t\t<div class=\"elementor-widget-container\">\n\t\t\t\t\t\t\t\t\t<div class=\"elementor-button-wrapper\">\n\t\t\t\t\t<a class=\"elementor-button elementor-button-link elementor-size-sm\" href=\"https:\/\/hypervigie.com\/de\/kontakt\/\">\n\t\t\t\t\t\t<span class=\"elementor-button-content-wrapper\">\n\t\t\t\t\t\t\t\t\t<span class=\"elementor-button-text\">Kontaktieren Sie uns<\/span>\n\t\t\t\t\t<\/span>\n\t\t\t\t\t<\/a>\n\t\t\t\t<\/div>\n\t\t\t\t\t\t\t\t<\/div>\n\t\t\t\t<\/div>\n\t\t\t\t<div class=\"elementor-element elementor-element-65884073 elementor-widget__width-auto elementor-widget elementor-widget-button\" data-id=\"65884073\" data-element_type=\"widget\" data-e-type=\"widget\" data-widget_type=\"button.default\">\n\t\t\t\t<div class=\"elementor-widget-container\">\n\t\t\t\t\t\t\t\t\t<div class=\"elementor-button-wrapper\">\n\t\t\t\t\t<a class=\"elementor-button elementor-button-link elementor-size-sm\" href=\"#plus\">\n\t\t\t\t\t\t<span class=\"elementor-button-content-wrapper\">\n\t\t\t\t\t\t<span class=\"elementor-button-icon\">\n\t\t\t\t<svg aria-hidden=\"true\" class=\"e-font-icon-svg e-fas-chevron-right\" viewBox=\"0 0 320 512\" xmlns=\"http:\/\/www.w3.org\/2000\/svg\"><path d=\"M285.476 272.971L91.132 467.314c-9.373 9.373-24.569 9.373-33.941 0l-22.667-22.667c-9.357-9.357-9.375-24.522-.04-33.901L188.505 256 34.484 101.255c-9.335-9.379-9.317-24.544.04-33.901l22.667-22.667c9.373-9.373 24.569-9.373 33.941 0L285.475 239.03c9.373 9.372 9.373 24.568.001 33.941z\"><\/path><\/svg>\t\t\t<\/span>\n\t\t\t\t\t\t\t\t\t<span class=\"elementor-button-text\">Mehr lesen<\/span>\n\t\t\t\t\t<\/span>\n\t\t\t\t\t<\/a>\n\t\t\t\t<\/div>\n\t\t\t\t\t\t\t\t<\/div>\n\t\t\t\t<\/div>\n\t\t\t\t\t<\/div>\n\t\t\t\t<\/div>\n\t\t\t\t<\/div>\n\t\t<div class=\"elementor-element elementor-element-7107573b e-con-full e-flex e-con e-child\" data-id=\"7107573b\" data-element_type=\"container\" data-e-type=\"container\">\n\t\t\t\t<\/div>\n\t\t\t\t\t<\/div>\n\t\t\t\t<\/div>\n\t\t<div class=\"elementor-element elementor-element-6a81eb4a e-flex e-con-boxed e-con e-parent\" data-id=\"6a81eb4a\" data-element_type=\"container\" data-e-type=\"container\" id=\"plus\" data-settings=\"{&quot;background_background&quot;:&quot;classic&quot;}\">\n\t\t\t\t\t<div class=\"e-con-inner\">\n\t\t<div class=\"elementor-element elementor-element-127baf20 e-con-full e-flex e-con e-child\" data-id=\"127baf20\" data-element_type=\"container\" data-e-type=\"container\">\n\t\t\t\t<div class=\"elementor-element elementor-element-6c1b1c27 elementor-widget elementor-widget-heading\" data-id=\"6c1b1c27\" data-element_type=\"widget\" data-e-type=\"widget\" data-widget_type=\"heading.default\">\n\t\t\t\t<div class=\"elementor-widget-container\">\n\t\t\t\t\t<h2 class=\"elementor-heading-title elementor-size-default\">Merkmale<\/h2>\t\t\t\t<\/div>\n\t\t\t\t<\/div>\n\t\t\t\t<div class=\"elementor-element elementor-element-59f07342 elementor-widget elementor-widget-heading\" data-id=\"59f07342\" data-element_type=\"widget\" data-e-type=\"widget\" data-widget_type=\"heading.default\">\n\t\t\t\t<div class=\"elementor-widget-container\">\n\t\t\t\t\t<p class=\"elementor-heading-title elementor-size-default\">Er ist mit einem 13,3 Fu\u00df hohen Mast ausgestattet, der es Ihnen erm\u00f6glicht, alle Situationen genau zu \u00fcberwachen und sich f\u00fcr die g\u00e4ngigsten Anwendungen zur Sicherung von Grundst\u00fccken, Objekten und Personen eignet.<\/p>\t\t\t\t<\/div>\n\t\t\t\t<\/div>\n\t\t\t\t<div class=\"elementor-element elementor-element-701a0451 elementor-widget elementor-widget-image\" data-id=\"701a0451\" data-element_type=\"widget\" data-e-type=\"widget\" data-widget_type=\"image.default\">\n\t\t\t\t<div class=\"elementor-widget-container\">\n\t\t\t\t\t\t\t\t\t\t\t\t\t\t\t\t<a href=\"https:\/\/hypervigie.com\/wp-content\/uploads\/2024\/06\/compact-tech.png\" data-elementor-open-lightbox=\"yes\" data-elementor-lightbox-title=\"compact-tech\" data-e-action-hash=\"#elementor-action%3Aaction%3Dlightbox%26settings%3DeyJpZCI6ODI2LCJ1cmwiOiJodHRwczpcL1wvaHlwZXJ2aWdpZS5jb21cL3dwLWNvbnRlbnRcL3VwbG9hZHNcLzIwMjRcLzA2XC9jb21wYWN0LXRlY2gucG5nIn0%3D\">\n\t\t\t\t\t\t\t<img fetchpriority=\"high\" decoding=\"async\" width=\"800\" height=\"566\" src=\"https:\/\/hypervigie.com\/wp-content\/uploads\/2024\/06\/compact-tech-1024x724.png\" class=\"attachment-large size-large wp-image-826\" alt=\"\" srcset=\"https:\/\/hypervigie.com\/wp-content\/uploads\/2024\/06\/compact-tech-1024x724.png 1024w, https:\/\/hypervigie.com\/wp-content\/uploads\/2024\/06\/compact-tech-300x212.png 300w, https:\/\/hypervigie.com\/wp-content\/uploads\/2024\/06\/compact-tech-768x543.png 768w, https:\/\/hypervigie.com\/wp-content\/uploads\/2024\/06\/compact-tech-1536x1086.png 1536w, https:\/\/hypervigie.com\/wp-content\/uploads\/2024\/06\/compact-tech.png 1684w\" sizes=\"(max-width: 800px) 100vw, 800px\" \/>\t\t\t\t\t\t\t\t<\/a>\n\t\t\t\t\t\t\t\t\t\t\t\t\t\t\t<\/div>\n\t\t\t\t<\/div>\n\t\t\t\t<div class=\"elementor-element elementor-element-762a8415 elementor-widget elementor-widget-image\" data-id=\"762a8415\" data-element_type=\"widget\" data-e-type=\"widget\" data-widget_type=\"image.default\">\n\t\t\t\t<div class=\"elementor-widget-container\">\n\t\t\t\t\t\t\t\t\t\t\t\t\t\t\t<img decoding=\"async\" width=\"366\" height=\"102\" src=\"https:\/\/hypervigie.com\/wp-content\/uploads\/2024\/06\/certifications-2.png\" class=\"attachment-large size-large wp-image-836\" alt=\"\" srcset=\"https:\/\/hypervigie.com\/wp-content\/uploads\/2024\/06\/certifications-2.png 366w, https:\/\/hypervigie.com\/wp-content\/uploads\/2024\/06\/certifications-2-300x84.png 300w\" sizes=\"(max-width: 366px) 100vw, 366px\" \/>\t\t\t\t\t\t\t\t\t\t\t\t\t\t\t<\/div>\n\t\t\t\t<\/div>\n\t\t\t\t<\/div>\n\t\t<div class=\"elementor-element elementor-element-469a10d3 e-con-full e-flex e-con e-child\" data-id=\"469a10d3\" data-element_type=\"container\" data-e-type=\"container\">\n\t\t\t\t<div class=\"elementor-element elementor-element-397d3dfa elementor-widget elementor-widget-toggle\" data-id=\"397d3dfa\" data-element_type=\"widget\" data-e-type=\"widget\" data-widget_type=\"toggle.default\">\n\t\t\t\t<div class=\"elementor-widget-container\">\n\t\t\t\t\t\t\t<div class=\"elementor-toggle\">\n\t\t\t\t\t\t\t<div class=\"elementor-toggle-item\">\n\t\t\t\t\t<div id=\"elementor-tab-title-9641\" class=\"elementor-tab-title\" data-tab=\"1\" role=\"button\" aria-controls=\"elementor-tab-content-9641\" aria-expanded=\"false\">\n\t\t\t\t\t\t\t\t\t\t\t\t<span class=\"elementor-toggle-icon elementor-toggle-icon-right\" aria-hidden=\"true\">\n\t\t\t\t\t\t\t\t\t\t\t\t\t\t\t<span class=\"elementor-toggle-icon-closed\"><svg class=\"e-font-icon-svg e-fas-plus\" viewBox=\"0 0 448 512\" xmlns=\"http:\/\/www.w3.org\/2000\/svg\"><path d=\"M416 208H272V64c0-17.67-14.33-32-32-32h-32c-17.67 0-32 14.33-32 32v144H32c-17.67 0-32 14.33-32 32v32c0 17.67 14.33 32 32 32h144v144c0 17.67 14.33 32 32 32h32c17.67 0 32-14.33 32-32V304h144c17.67 0 32-14.33 32-32v-32c0-17.67-14.33-32-32-32z\"><\/path><\/svg><\/span>\n\t\t\t\t\t\t\t\t<span class=\"elementor-toggle-icon-opened\"><svg class=\"elementor-toggle-icon-opened e-font-icon-svg e-fas-minus\" viewBox=\"0 0 448 512\" xmlns=\"http:\/\/www.w3.org\/2000\/svg\"><path d=\"M416 208H32c-17.67 0-32 14.33-32 32v32c0 17.67 14.33 32 32 32h384c17.67 0 32-14.33 32-32v-32c0-17.67-14.33-32-32-32z\"><\/path><\/svg><\/span>\n\t\t\t\t\t\t\t\t\t\t\t\t\t<\/span>\n\t\t\t\t\t\t\t\t\t\t\t\t<a class=\"elementor-toggle-title\" tabindex=\"0\">Funktionen von MSB ROADBOX<\/a>\n\t\t\t\t\t<\/div>\n\n\t\t\t\t\t<div id=\"elementor-tab-content-9641\" class=\"elementor-tab-content elementor-clearfix\" data-tab=\"1\" role=\"region\" aria-labelledby=\"elementor-tab-title-9641\"><ul>\n<li>Gr\u00f6\u00dfe LxBxH in cm: 240x139x228<\/li>\n<li>Gewicht in kg: 365<\/li>\n<li>Gesamth\u00f6he mit ausgefahrenem Mast in cm: 452<\/li>\n<li>Maximales Gewicht der Mastspitze in kg: 60<\/li>\n<li>Zertifizierungen: CE-ZERTIFIZIERT und ISO9001 \/ T\u00dcV<\/li>\n<li>Struktur aus verzinktem Stahl<\/li>\n<li>Mast aus verzinktem Stahl<\/li>\n<li>3-teiliger Basic-Teleskopmast: 80\/60\/40mm<\/li>\n<\/ul>\n<\/div>\n\t\t\t\t<\/div>\n\t\t\t\t\t\t\t<div class=\"elementor-toggle-item\">\n\t\t\t\t\t<div id=\"elementor-tab-title-9642\" class=\"elementor-tab-title\" data-tab=\"2\" role=\"button\" aria-controls=\"elementor-tab-content-9642\" aria-expanded=\"false\">\n\t\t\t\t\t\t\t\t\t\t\t\t<span class=\"elementor-toggle-icon elementor-toggle-icon-right\" aria-hidden=\"true\">\n\t\t\t\t\t\t\t\t\t\t\t\t\t\t\t<span class=\"elementor-toggle-icon-closed\"><svg class=\"e-font-icon-svg e-fas-plus\" viewBox=\"0 0 448 512\" xmlns=\"http:\/\/www.w3.org\/2000\/svg\"><path d=\"M416 208H272V64c0-17.67-14.33-32-32-32h-32c-17.67 0-32 14.33-32 32v144H32c-17.67 0-32 14.33-32 32v32c0 17.67 14.33 32 32 32h144v144c0 17.67 14.33 32 32 32h32c17.67 0 32-14.33 32-32V304h144c17.67 0 32-14.33 32-32v-32c0-17.67-14.33-32-32-32z\"><\/path><\/svg><\/span>\n\t\t\t\t\t\t\t\t<span class=\"elementor-toggle-icon-opened\"><svg class=\"elementor-toggle-icon-opened e-font-icon-svg e-fas-minus\" viewBox=\"0 0 448 512\" xmlns=\"http:\/\/www.w3.org\/2000\/svg\"><path d=\"M416 208H32c-17.67 0-32 14.33-32 32v32c0 17.67 14.33 32 32 32h384c17.67 0 32-14.33 32-32v-32c0-17.67-14.33-32-32-32z\"><\/path><\/svg><\/span>\n\t\t\t\t\t\t\t\t\t\t\t\t\t<\/span>\n\t\t\t\t\t\t\t\t\t\t\t\t<a class=\"elementor-toggle-title\" tabindex=\"0\">Technische Merkmale<\/a>\n\t\t\t\t\t<\/div>\n\n\t\t\t\t\t<div id=\"elementor-tab-content-9642\" class=\"elementor-tab-content elementor-clearfix\" data-tab=\"2\" role=\"region\" aria-labelledby=\"elementor-tab-title-9642\"><ul>\n<li>Gr\u00f6\u00dfe LxBxH in cm: 62x80x180<\/li>\n<li>Gewicht in kg: 190<\/li>\n<li>Gesamth\u00f6he mit ausgefahrenem Mast in cm: 405<\/li>\n<li>Maximales Gewicht der Mastspitze in kg: 60<\/li>\n<li>Zertifizierungen: CE-ZERTIFIZIERT und ISO9001 \/ T\u00dcV<\/li>\n<li>Struktur aus verzinktem Stahl<\/li>\n<li>Mast aus verzinktem Stahl<\/li>\n<li>3-teiliger Basic-Teleskopmast: 80\/60\/40mm<\/li>\n<\/ul>\n<\/div>\n\t\t\t\t<\/div>\n\t\t\t\t\t\t\t\t<\/div>\n\t\t\t\t\t\t<\/div>\n\t\t\t\t<\/div>\n\t\t\t\t<div class=\"elementor-element elementor-element-5a74246a elementor-widget elementor-widget-image\" data-id=\"5a74246a\" data-element_type=\"widget\" data-e-type=\"widget\" data-widget_type=\"image.default\">\n\t\t\t\t<div class=\"elementor-widget-container\">\n\t\t\t\t\t\t\t\t\t\t\t\t<figure class=\"wp-caption\">\n\t\t\t\t\t\t\t\t\t\t<img decoding=\"async\" width=\"800\" height=\"533\" src=\"https:\/\/hypervigie.com\/wp-content\/uploads\/2024\/06\/parking.webp\" class=\"attachment-large size-large wp-image-817\" alt=\"\" srcset=\"https:\/\/hypervigie.com\/wp-content\/uploads\/2024\/06\/parking.webp 800w, https:\/\/hypervigie.com\/wp-content\/uploads\/2024\/06\/parking-300x200.webp 300w, https:\/\/hypervigie.com\/wp-content\/uploads\/2024\/06\/parking-768x512.webp 768w\" sizes=\"(max-width: 800px) 100vw, 800px\" \/>\t\t\t\t\t\t\t\t\t\t\t<figcaption class=\"widget-image-caption wp-caption-text\">Die in der Abbildung gezeigte Ausstattung dient nur zu Referenzzwecken und ist nicht im Lieferumfang enthalten.<\/figcaption>\n\t\t\t\t\t\t\t\t\t\t<\/figure>\n\t\t\t\t\t\t\t\t\t<\/div>\n\t\t\t\t<\/div>\n\t\t\t\t<\/div>\n\t\t\t\t\t<\/div>\n\t\t\t\t<\/div>\n\t\t<div class=\"elementor-element elementor-element-b01d262 e-flex e-con-boxed e-con e-parent\" data-id=\"b01d262\" data-element_type=\"container\" data-e-type=\"container\" data-settings=\"{&quot;background_background&quot;:&quot;classic&quot;}\">\n\t\t\t\t\t<div class=\"e-con-inner\">\n\t\t<div class=\"elementor-element elementor-element-229dccf e-con-full e-flex e-con e-child\" data-id=\"229dccf\" data-element_type=\"container\" data-e-type=\"container\">\n\t\t\t\t<div class=\"elementor-element elementor-element-77bd5fc elementor-widget elementor-widget-heading\" data-id=\"77bd5fc\" data-element_type=\"widget\" data-e-type=\"widget\" data-widget_type=\"heading.default\">\n\t\t\t\t<div class=\"elementor-widget-container\">\n\t\t\t\t\t<h2 class=\"elementor-heading-title elementor-size-default\">Autarke L\u00f6sungen\nmit integrierter Technologie<\/h2>\t\t\t\t<\/div>\n\t\t\t\t<\/div>\n\t\t\t\t<div class=\"elementor-element elementor-element-ca12253 elementor-widget elementor-widget-heading\" data-id=\"ca12253\" data-element_type=\"widget\" data-e-type=\"widget\" data-widget_type=\"heading.default\">\n\t\t\t\t<div class=\"elementor-widget-container\">\n\t\t\t\t\t<p class=\"elementor-heading-title elementor-size-default\">Der MSM-Compact und die MSM-Roadbox zeichnen sich durch ihre Vielseitigkeit und eine Innenausstattung aus, die auf optimale Funktionalit\u00e4t ausgelegt ist. Diese Sicherheitst\u00fcrme, die einen Schrank f\u00fcr die Lagerung von elektronischen Ger\u00e4ten enthalten, unterst\u00fctzen eine organisierte und effiziente Verwaltung.\n<br>Dar\u00fcber hinaus bietet der Innenraum viel Platz f\u00fcr Energiequellen und Batterien, was einen ununterbrochenen und unabh\u00e4ngigen Betrieb gew\u00e4hrleistet.\n<br>An der Au\u00dfenseite sind die T\u00fcrme f\u00fcr die Anbringung von Solarpaneelen ausgestattet, ein Merkmal, das ihre Nachhaltigkeit und Energieeffizienz erh\u00f6ht.\n<br>Dieses fortschrittliche Design erm\u00f6glicht die Nutzung von Sonnenenergie und ist somit ein umweltfreundlicher Ansatz.<\/p>\t\t\t\t<\/div>\n\t\t\t\t<\/div>\n\t\t\t\t<\/div>\n\t\t<div class=\"elementor-element elementor-element-9102e10 e-con-full e-flex e-con e-child\" data-id=\"9102e10\" data-element_type=\"container\" data-e-type=\"container\">\n\t\t\t\t<div class=\"elementor-element elementor-element-26050f4 elementor-widget elementor-widget-image\" data-id=\"26050f4\" data-element_type=\"widget\" data-e-type=\"widget\" data-widget_type=\"image.default\">\n\t\t\t\t<div class=\"elementor-widget-container\">\n\t\t\t\t\t\t\t\t\t\t\t\t\t\t\t<img loading=\"lazy\" decoding=\"async\" width=\"800\" height=\"795\" src=\"https:\/\/hypervigie.com\/wp-content\/uploads\/2024\/06\/interieur-compact-1024x1017.webp\" class=\"attachment-large size-large wp-image-798\" alt=\"\" srcset=\"https:\/\/hypervigie.com\/wp-content\/uploads\/2024\/06\/interieur-compact-1024x1017.webp 1024w, https:\/\/hypervigie.com\/wp-content\/uploads\/2024\/06\/interieur-compact-300x298.webp 300w, https:\/\/hypervigie.com\/wp-content\/uploads\/2024\/06\/interieur-compact-150x150.webp 150w, https:\/\/hypervigie.com\/wp-content\/uploads\/2024\/06\/interieur-compact-768x763.webp 768w, https:\/\/hypervigie.com\/wp-content\/uploads\/2024\/06\/interieur-compact.webp 1178w\" sizes=\"(max-width: 800px) 100vw, 800px\" \/>\t\t\t\t\t\t\t\t\t\t\t\t\t\t\t<\/div>\n\t\t\t\t<\/div>\n\t\t\t\t<\/div>\n\t\t\t\t\t<\/div>\n\t\t\t\t<\/div>\n\t\t<div class=\"elementor-element elementor-element-15346f74 e-flex e-con-boxed e-con e-parent\" data-id=\"15346f74\" data-element_type=\"container\" data-e-type=\"container\" data-settings=\"{&quot;background_background&quot;:&quot;classic&quot;}\">\n\t\t\t\t\t<div class=\"e-con-inner\">\n\t\t\t\t<div class=\"elementor-element elementor-element-324598a elementor-widget elementor-widget-heading\" data-id=\"324598a\" data-element_type=\"widget\" data-e-type=\"widget\" data-widget_type=\"heading.default\">\n\t\t\t\t<div class=\"elementor-widget-container\">\n\t\t\t\t\t<h2 class=\"elementor-heading-title elementor-size-default\">Wir statten Ihren Mast mit einer ma\u00dfgeschneiderten Komplettl\u00f6sung aus.<\/h2>\t\t\t\t<\/div>\n\t\t\t\t<\/div>\n\t\t<div class=\"elementor-element elementor-element-18d1e307 e-grid e-con-boxed e-con e-child\" data-id=\"18d1e307\" data-element_type=\"container\" data-e-type=\"container\">\n\t\t\t\t\t<div class=\"e-con-inner\">\n\t\t\t\t<div class=\"elementor-element elementor-element-7b464b93 elementor-position-top elementor-widget elementor-widget-image-box\" data-id=\"7b464b93\" data-element_type=\"widget\" data-e-type=\"widget\" data-widget_type=\"image-box.default\">\n\t\t\t\t<div class=\"elementor-widget-container\">\n\t\t\t\t\t<div class=\"elementor-image-box-wrapper\"><figure class=\"elementor-image-box-img\"><img loading=\"lazy\" decoding=\"async\" width=\"100\" height=\"100\" src=\"https:\/\/hypervigie.com\/wp-content\/uploads\/2024\/06\/camera.svg\" class=\"attachment-full size-full wp-image-150\" alt=\"\" \/><\/figure><div class=\"elementor-image-box-content\"><h3 class=\"elementor-image-box-title\">Kameras<\/h3><\/div><\/div>\t\t\t\t<\/div>\n\t\t\t\t<\/div>\n\t\t\t\t<div class=\"elementor-element elementor-element-4568b2b7 elementor-position-top elementor-widget elementor-widget-image-box\" data-id=\"4568b2b7\" data-element_type=\"widget\" data-e-type=\"widget\" data-widget_type=\"image-box.default\">\n\t\t\t\t<div class=\"elementor-widget-container\">\n\t\t\t\t\t<div class=\"elementor-image-box-wrapper\"><figure class=\"elementor-image-box-img\"><img loading=\"lazy\" decoding=\"async\" width=\"100\" height=\"100\" src=\"https:\/\/hypervigie.com\/wp-content\/uploads\/2024\/06\/son.svg\" class=\"attachment-full size-full wp-image-146\" alt=\"\" \/><\/figure><div class=\"elementor-image-box-content\"><h3 class=\"elementor-image-box-title\">Redner<\/h3><\/div><\/div>\t\t\t\t<\/div>\n\t\t\t\t<\/div>\n\t\t\t\t<div class=\"elementor-element elementor-element-7bf1c6d0 elementor-position-top elementor-widget elementor-widget-image-box\" data-id=\"7bf1c6d0\" data-element_type=\"widget\" data-e-type=\"widget\" data-widget_type=\"image-box.default\">\n\t\t\t\t<div class=\"elementor-widget-container\">\n\t\t\t\t\t<div class=\"elementor-image-box-wrapper\"><figure class=\"elementor-image-box-img\"><img loading=\"lazy\" decoding=\"async\" width=\"100\" height=\"100\" src=\"https:\/\/hypervigie.com\/wp-content\/uploads\/2024\/06\/pir.svg\" class=\"attachment-full size-full wp-image-156\" alt=\"\" \/><\/figure><div class=\"elementor-image-box-content\"><h3 class=\"elementor-image-box-title\">Mehrere Sensoren<\/h3><\/div><\/div>\t\t\t\t<\/div>\n\t\t\t\t<\/div>\n\t\t\t\t<div class=\"elementor-element elementor-element-6ba74337 elementor-position-top elementor-widget elementor-widget-image-box\" data-id=\"6ba74337\" data-element_type=\"widget\" data-e-type=\"widget\" data-widget_type=\"image-box.default\">\n\t\t\t\t<div class=\"elementor-widget-container\">\n\t\t\t\t\t<div class=\"elementor-image-box-wrapper\"><figure class=\"elementor-image-box-img\"><img loading=\"lazy\" decoding=\"async\" width=\"100\" height=\"100\" src=\"https:\/\/hypervigie.com\/wp-content\/uploads\/2024\/06\/transmission.svg\" class=\"attachment-full size-full wp-image-154\" alt=\"\" \/><\/figure><div class=\"elementor-image-box-content\"><h3 class=\"elementor-image-box-title\">3\/4\/5G-Satelliten-LoRaWAN<\/h3><\/div><\/div>\t\t\t\t<\/div>\n\t\t\t\t<\/div>\n\t\t\t\t<div class=\"elementor-element elementor-element-5c8a7f56 elementor-position-top elementor-widget elementor-widget-image-box\" data-id=\"5c8a7f56\" data-element_type=\"widget\" data-e-type=\"widget\" data-widget_type=\"image-box.default\">\n\t\t\t\t<div class=\"elementor-widget-container\">\n\t\t\t\t\t<div class=\"elementor-image-box-wrapper\"><figure class=\"elementor-image-box-img\"><img loading=\"lazy\" decoding=\"async\" width=\"100\" height=\"100\" src=\"https:\/\/hypervigie.com\/wp-content\/uploads\/2024\/06\/eclairage.svg\" class=\"attachment-full size-full wp-image-148\" alt=\"\" \/><\/figure><div class=\"elementor-image-box-content\"><h3 class=\"elementor-image-box-title\">Beleuchtung<\/h3><\/div><\/div>\t\t\t\t<\/div>\n\t\t\t\t<\/div>\n\t\t\t\t<div class=\"elementor-element elementor-element-11b715ff elementor-position-top elementor-widget elementor-widget-image-box\" data-id=\"11b715ff\" data-element_type=\"widget\" data-e-type=\"widget\" data-widget_type=\"image-box.default\">\n\t\t\t\t<div class=\"elementor-widget-container\">\n\t\t\t\t\t<div class=\"elementor-image-box-wrapper\"><figure class=\"elementor-image-box-img\"><img loading=\"lazy\" decoding=\"async\" width=\"100\" height=\"100\" src=\"https:\/\/hypervigie.com\/wp-content\/uploads\/2024\/06\/solaire.svg\" class=\"attachment-full size-full wp-image-152\" alt=\"\" \/><\/figure><div class=\"elementor-image-box-content\"><h3 class=\"elementor-image-box-title\">Selbstversorger<\/h3><\/div><\/div>\t\t\t\t<\/div>\n\t\t\t\t<\/div>\n\t\t\t\t\t<\/div>\n\t\t\t\t<\/div>\n\t\t\t\t\t<\/div>\n\t\t\t\t<\/div>\n\t\t<div class=\"elementor-element elementor-element-7efaa0b e-flex e-con-boxed e-con e-parent\" data-id=\"7efaa0b\" data-element_type=\"container\" data-e-type=\"container\" data-settings=\"{&quot;background_background&quot;:&quot;classic&quot;}\">\n\t\t\t\t\t<div class=\"e-con-inner\">\n\t\t\t\t<div class=\"elementor-element elementor-element-0db3aab elementor-widget elementor-widget-heading\" data-id=\"0db3aab\" data-element_type=\"widget\" data-e-type=\"widget\" data-widget_type=\"heading.default\">\n\t\t\t\t<div class=\"elementor-widget-container\">\n\t\t\t\t\t<h2 class=\"elementor-heading-title elementor-size-default\">Weitere Informationen anfordern<\/h2>\t\t\t\t<\/div>\n\t\t\t\t<\/div>\n\t\t\t\t<div class=\"elementor-element elementor-element-46ea1c6 elementor-widget__width-auto elementor-widget elementor-widget-button\" data-id=\"46ea1c6\" data-element_type=\"widget\" data-e-type=\"widget\" data-widget_type=\"button.default\">\n\t\t\t\t<div class=\"elementor-widget-container\">\n\t\t\t\t\t\t\t\t\t<div class=\"elementor-button-wrapper\">\n\t\t\t\t\t<a class=\"elementor-button elementor-button-link elementor-size-sm\" href=\"https:\/\/hypervigie.com\/de\/kontakt\/\">\n\t\t\t\t\t\t<span class=\"elementor-button-content-wrapper\">\n\t\t\t\t\t\t\t\t\t<span class=\"elementor-button-text\">Kontaktieren Sie uns<\/span>\n\t\t\t\t\t<\/span>\n\t\t\t\t\t<\/a>\n\t\t\t\t<\/div>\n\t\t\t\t\t\t\t\t<\/div>\n\t\t\t\t<\/div>\n\t\t\t\t\t<\/div>\n\t\t\t\t<\/div>\n\t\t\t\t<\/div>\n\t\t","protected":false},"excerpt":{"rendered":"<p>Der MSB-Compact ist ein mobiler Sicherheitsschrank, der kleiner als seine gr\u00f6\u00dferen Geschwister ist. Er bietet jedoch die meisten der gleichen Eigenschaften, insbesondere eine schnellere Entfaltung und eine kompakte Gr\u00f6\u00dfe, die ihn f\u00fcr den Einsatz in Innenr\u00e4umen geeignet macht. Dar\u00fcber hinaus eignet sich MSB-Compact besonders f\u00fcr Orte mit begrenztem Platzangebot, wie z.B. in stark frequentierten Stadtgebieten [&hellip;]<\/p>\n","protected":false},"author":1,"featured_media":0,"parent":0,"menu_order":0,"comment_status":"closed","ping_status":"closed","template":"","meta":{"_seopress_robots_primary_cat":"","_seopress_titles_title":"MSB - Compact: Kompakter mobiler Sicherheitsmast | Hypervigie","_seopress_titles_desc":"Entdecken Sie den MSB-Compact, einen kleineren mobilen Sicherheitsmast, der genauso leistungsf\u00e4hig ist wie seine gr\u00f6\u00dferen Br\u00fcder. Ideal f\u00fcr enge R\u00e4ume. Entdecken Sie die Eigenschaften und integrierten L\u00f6sungen. Kontaktieren Sie uns, um mehr zu erfahren.","_seopress_robots_index":"","inline_featured_image":false,"footnotes":""},"class_list":["post-795","page","type-page","status-publish","hentry"],"_links":{"self":[{"href":"https:\/\/hypervigie.com\/de\/wp-json\/wp\/v2\/pages\/795","targetHints":{"allow":["GET"]}}],"collection":[{"href":"https:\/\/hypervigie.com\/de\/wp-json\/wp\/v2\/pages"}],"about":[{"href":"https:\/\/hypervigie.com\/de\/wp-json\/wp\/v2\/types\/page"}],"author":[{"embeddable":true,"href":"https:\/\/hypervigie.com\/de\/wp-json\/wp\/v2\/users\/1"}],"replies":[{"embeddable":true,"href":"https:\/\/hypervigie.com\/de\/wp-json\/wp\/v2\/comments?post=795"}],"version-history":[{"count":5,"href":"https:\/\/hypervigie.com\/de\/wp-json\/wp\/v2\/pages\/795\/revisions"}],"predecessor-version":[{"id":1022,"href":"https:\/\/hypervigie.com\/de\/wp-json\/wp\/v2\/pages\/795\/revisions\/1022"}],"wp:attachment":[{"href":"https:\/\/hypervigie.com\/de\/wp-json\/wp\/v2\/media?parent=795"}],"curies":[{"name":"wp","href":"https:\/\/api.w.org\/{rel}","templated":true}]}}